{"id":402,"date":"2017-11-22T14:40:05","date_gmt":"2017-11-22T14:40:05","guid":{"rendered":"http:\/\/democontent.codex-themes.com\/sites\/construction\/contact-us-2\/"},"modified":"2021-08-27T18:01:30","modified_gmt":"2021-08-27T18:01:30","slug":"basin-odasi","status":"publish","type":"page","link":"https:\/\/www.setdecor.com.tr\/tr\/basin-odasi\/","title":{"rendered":"Bas\u0131n Odas\u0131"},"content":{"rendered":"<p>[vc_row full_width=&#8221;stretch_row&#8221; css=&#8221;.vc_custom_1616440433522{margin-top: -60px !important;margin-bottom: 0px !important;}&#8221;][vc_column][vc_column_text css=&#8221;.vc_custom_1630087287998{margin-bottom: 40px !important;}&#8221;]<\/p>\n<div class=\"title-h3\" style=\"text-align: left; margin-bottom: 10px;\"><span style=\"color: #2c2c2c;\">bas\u0131n odas\u0131<\/span><\/div>\n<div class=\"kolon\">\n<div style=\"width: 55px; height: 3px; background: #D40000; text-indent: 9999px;\">1<\/div>\n<\/div>\n<div class=\"kolon\">\n<div style=\"width: 55px; height: 3px; background: black; text-indent: 9999px;\">1<\/div>\n<\/div>\n<div style=\"margin-bottom: 50px;\"><\/div>\n<p>[\/vc_column_text][vc_column_text]<\/p>\n<p style=\"text-align: justify;\">Web sayfam\u0131z yenilenmi\u015ftir. Daha h\u0131zl\u0131 olmas\u0131 ve kullan\u0131c\u0131lar\u0131 yormamas\u0131 i\u00e7in sade olarak tasarlanm\u0131\u015ft\u0131r ve fazla veri y\u00fcklenmemi\u015ftir. Markam\u0131z ve i\u015flerimiz ile ilgili k\u0131sa bilgiler i\u00e7ermektedir.<\/p>\n<p>[\/vc_column_text][\/vc_column][\/vc_row]<\/p>\n","protected":false},"excerpt":{"rendered":"<p>[vc_row full_width=&#8221;stretch_row&#8221; css=&#8221;.vc_custom_1616440433522{margin-top: -60px !important;margin-bottom: 0px !important;}&#8221;][vc_column][vc_column_text css=&#8221;.vc_custom_1630087287998{margin-bottom: 40px !important;}&#8221;] bas\u0131n odas\u0131 1 1 [\/vc_column_text][vc_column_text] Web sayfam\u0131z yenilenmi\u015ftir. Daha h\u0131zl\u0131&#8230;<\/p>\n","protected":false},"author":1,"featured_media":0,"parent":0,"menu_order":0,"comment_status":"closed","ping_status":"closed","template":"","meta":[],"_links":{"self":[{"href":"https:\/\/www.setdecor.com.tr\/tr\/wp-json\/wp\/v2\/pages\/402"}],"collection":[{"href":"https:\/\/www.setdecor.com.tr\/tr\/wp-json\/wp\/v2\/pages"}],"about":[{"href":"https:\/\/www.setdecor.com.tr\/tr\/wp-json\/wp\/v2\/types\/page"}],"author":[{"embeddable":true,"href":"https:\/\/www.setdecor.com.tr\/tr\/wp-json\/wp\/v2\/users\/1"}],"replies":[{"embeddable":true,"href":"https:\/\/www.setdecor.com.tr\/tr\/wp-json\/wp\/v2\/comments?post=402"}],"version-history":[{"count":19,"href":"https:\/\/www.setdecor.com.tr\/tr\/wp-json\/wp\/v2\/pages\/402\/revisions"}],"predecessor-version":[{"id":2436,"href":"https:\/\/www.setdecor.com.tr\/tr\/wp-json\/wp\/v2\/pages\/402\/revisions\/2436"}],"wp:attachment":[{"href":"https:\/\/www.setdecor.com.tr\/tr\/wp-json\/wp\/v2\/media?parent=402"}],"curies":[{"name":"wp","href":"https:\/\/api.w.org\/{rel}","templated":true}]}}