{"id":486,"date":"2017-11-24T07:38:01","date_gmt":"2017-11-24T07:38:01","guid":{"rendered":"http:\/\/democontent.codex-themes.com\/sites\/construction\/contact-us-2\/"},"modified":"2021-08-27T18:02:55","modified_gmt":"2021-08-27T18:02:55","slug":"hakkimizda","status":"publish","type":"page","link":"https:\/\/www.setdecor.com.tr\/tr\/kurumsal\/hakkimizda\/","title":{"rendered":"Hakk\u0131m\u0131zda"},"content":{"rendered":"<p>[vc_row full_width=&#8221;stretch_row&#8221; css=&#8221;.vc_custom_1616682901035{margin-top: -60px !important;}&#8221;][vc_column width=&#8221;3\/4&#8243;][vc_column_text]<\/p>\n<div class=\"title-h3\" style=\"text-align: left; margin-bottom: 10px;\"><span style=\"color: #2c2c2c;\">hakk\u0131m\u0131zda<\/span><\/div>\n<div class=\"kolon\">\n<div style=\"width: 55px; height: 3px; background: #D40000; text-indent: 9999px;\">1<\/div>\n<\/div>\n<div class=\"kolon\">\n<div style=\"width: 55px; height: 3px; background: black; text-indent: 9999px;\">1<\/div>\n<\/div>\n<div style=\"margin-bottom: 50px;\"><\/div>\n<p>[\/vc_column_text][vc_column_text css=&#8221;.vc_custom_1626683268601{margin-top: 10px !important;}&#8221;]Firmam\u0131z, 25 y\u0131ll\u0131k deneyimle her biri kendi alan\u0131nda uzman ve deneyimli kadrosuyla teknolojinin sundu\u011fu t\u00fcm imkanlar\u0131 kullanan, yenili\u011fe ve geli\u015fmeye her zaman a\u00e7\u0131k mimar, i\u00e7 mimar, m\u00fchendis ve \u00fcretim elemanlar\u0131yla her zaman en etkili \u00e7\u00f6z\u00fcm yollar\u0131n\u0131 izleyip en k\u0131sa s\u00fcrede \u00fcretmeyi ama\u00e7lam\u0131\u015ft\u0131r.[\/vc_column_text][vc_column_text]<\/p>\n<div class=\"title-h3\" style=\"text-align: left; margin-bottom: 10px;\"><strong>NASIL YAPIYORUZ?<\/strong><\/div>\n<div class=\"kolon\">\n<div style=\"width: 55px; height: 3px; background: #D40000; text-indent: 9999px;\">1<\/div>\n<\/div>\n<div class=\"kolon\">\n<div style=\"width: 55px; height: 3px; background: black; text-indent: 9999px;\">1<\/div>\n<\/div>\n<div style=\"margin-bottom: 50px;\"><\/div>\n<p>[\/vc_column_text][vc_column_text css=&#8221;.vc_custom_1626683364248{margin-top: 10px !important;}&#8221;]<\/p>\n<ul>\n<li class=\"madde\"><strong>PLANLIYORUZ:<\/strong> Projenin ba\u015flang\u0131c\u0131ndan teslimine kadar ge\u00e7en s\u00fcreci planl\u0131yoruz. B\u00f6ylece k\u00f6t\u00fc s\u00fcrprizlere f\u0131rsat vermiyoruz.<\/li>\n<li class=\"madde\"><strong>SOHBET ED\u0130YORUZ:<\/strong> M\u00fc\u015fterimiz ile ihtiya\u00e7lar\u0131 ve istekleri \u00fczerine koyu sohbetler yap\u0131yoruz. B\u00f6ylece hem m\u00fc\u015fterimizi ve kurumsal kimli\u011fini tan\u0131m\u0131\u015f oluyoruz hem de bu sohbetler; do\u011fru fonksiyon \u015femas\u0131n\u0131 olu\u015fturmam\u0131z\u0131n yan\u0131 s\u0131ra m\u00fc\u015fterimizin mutlu olaca\u011f\u0131 mekanlar tasarlamam\u0131z\u0131n anahtar\u0131 olmu\u015f oluyor<\/li>\n<li class=\"madde\"><strong>\u0130MALAT PROJELER\u0130N\u0130 HAZIRLIYORUZ:<\/strong> \u0130malat Projelerini Teknik \u015eartnameye uygun \u015fekilde en ince detay\u0131na kadar haz\u0131rl\u0131yoruz.<\/li>\n<li class=\"madde\"><strong>\u00dcRET\u0130YORUZ:<\/strong> \u0130malat projeleri onaylanan \u00fcr\u00fcnleri \u00fcretiyoruz.<\/li>\n<li class=\"madde\"><strong>UYGULUYORUZ:<\/strong> T\u00fcm bu projelendirme s\u00fcrecinden sonra; teslim ald\u0131\u011f\u0131m\u0131zda bo\u015fluktan ba\u015fka bir \u015fey ifade etmeyen \u2018yerleri\u2019, do\u011fru ilerleyen yo\u011fun bir \u00e7al\u0131\u015fman\u0131n ard\u0131ndan yapt\u0131\u011f\u0131m\u0131z imalat ve uygulama sonras\u0131nda i\u00e7inde hayat olan, \u00f6zg\u00fcn, ki\u015filik sahibi mekanlara d\u00f6n\u00fc\u015ft\u00fcr\u00fcyoruz.<\/li>\n<\/ul>\n<p>[\/vc_column_text][\/vc_column][vc_column width=&#8221;1\/4&#8243;][vc_single_image image=&#8221;2228&#8243; img_size=&#8221;full&#8221;][\/vc_column][\/vc_row]<\/p>\n","protected":false},"excerpt":{"rendered":"<p>[vc_row full_width=&#8221;stretch_row&#8221; css=&#8221;.vc_custom_1616682901035{margin-top: -60px !important;}&#8221;][vc_column width=&#8221;3\/4&#8243;][vc_column_text] hakk\u0131m\u0131zda 1 1 [\/vc_column_text][vc_column_text css=&#8221;.vc_custom_1626683268601{margin-top: 10px !important;}&#8221;]Firmam\u0131z, 25 y\u0131ll\u0131k deneyimle her biri kendi alan\u0131nda&#8230;<\/p>\n","protected":false},"author":1,"featured_media":0,"parent":692,"menu_order":0,"comment_status":"closed","ping_status":"closed","template":"","meta":[],"_links":{"self":[{"href":"https:\/\/www.setdecor.com.tr\/tr\/wp-json\/wp\/v2\/pages\/486"}],"collection":[{"href":"https:\/\/www.setdecor.com.tr\/tr\/wp-json\/wp\/v2\/pages"}],"about":[{"href":"https:\/\/www.setdecor.com.tr\/tr\/wp-json\/wp\/v2\/types\/page"}],"author":[{"embeddable":true,"href":"https:\/\/www.setdecor.com.tr\/tr\/wp-json\/wp\/v2\/users\/1"}],"replies":[{"embeddable":true,"href":"https:\/\/www.setdecor.com.tr\/tr\/wp-json\/wp\/v2\/comments?post=486"}],"version-history":[{"count":25,"href":"https:\/\/www.setdecor.com.tr\/tr\/wp-json\/wp\/v2\/pages\/486\/revisions"}],"predecessor-version":[{"id":2440,"href":"https:\/\/www.setdecor.com.tr\/tr\/wp-json\/wp\/v2\/pages\/486\/revisions\/2440"}],"up":[{"embeddable":true,"href":"https:\/\/www.setdecor.com.tr\/tr\/wp-json\/wp\/v2\/pages\/692"}],"wp:attachment":[{"href":"https:\/\/www.setdecor.com.tr\/tr\/wp-json\/wp\/v2\/media?parent=486"}],"curies":[{"name":"wp","href":"https:\/\/api.w.org\/{rel}","templated":true}]}}